{"id":2,"date":"2022-08-10T21:50:08","date_gmt":"2022-08-10T21:50:08","guid":{"rendered":"http:\/\/razvedka.info\/sk\/?page_id=2"},"modified":"2022-08-26T10:54:57","modified_gmt":"2022-08-26T08:54:57","slug":"index","status":"publish","type":"page","link":"https:\/\/ruwar.org\/sk\/","title":{"rendered":"Vojna v Ukrajine"},"content":{"rendered":"<div class=\"wpb-content-wrapper\"><p>[vc_row][vc_column]<div  class=\"jeg_heroblock jeg_heroblock_7 jeg_col_2o3 jeg_hero_style_5 jnews_module__0_6a059cbfa7138  \" data-margin=\"10\" >\n                <div class=\"jeg_hero_wrapper\"><div class=\"jeg_heroblock_wrapper\" style='margin: 0px 0px -10px -10px;'>\n\t                <article class=\"jeg_post jeg_hero_item_1 format-standard\" style=\"padding: 0 0 10px 10px;\">\n                        <div class=\"jeg_block_container\">\n                            \n                            <span class=\"jeg_postformat_icon\"><\/span>\n                            <div class=\"jeg_thumb\">\n                                <a href=\"https:\/\/ruwar.org\/sk\/2025-04-ukrajina-dostala-od-spojeneho-kralovstva-viac-ako-860-milionov-eur-na-vojenske-vybavenie\/\" ><div class=\"thumbnail-container thumbnail-background\" data-src=\"https:\/\/ruwar.org\/sk\/media\/2025\/04\/Ukrajina-dostala-od-Spojeneho-kralovstva-viac-ako-860-milionov-EUR.jpg\" >\n                        <div class=\"lazyloaded\" data-src=\"https:\/\/ruwar.org\/sk\/media\/2025\/04\/Ukrajina-dostala-od-Spojeneho-kralovstva-viac-ako-860-milionov-EUR.jpg\" style=\"background-image: url(https:\/\/ruwar.org\/sk\/media\/2025\/04\/Ukrajina-dostala-od-Spojeneho-kralovstva-viac-ako-860-milionov-EUR.jpg)\"><\/div>\n                    <\/div><\/a>\n                            <\/div>\n                            <div class=\"jeg_postblock_content\">\n                                <div class=\"jeg_post_category\">\n                                    <a href=\"https:\/\/ruwar.org\/sk\/vojna-v-ukrajine\/\" class=\"category-vojna-v-ukrajine\">Vojna v Ukrajine<\/a>\n                                <\/div>\n                                <div class=\"jeg_post_info\">\n                                    <h2 class=\"jeg_post_title\">\n                                        <a href=\"https:\/\/ruwar.org\/sk\/2025-04-ukrajina-dostala-od-spojeneho-kralovstva-viac-ako-860-milionov-eur-na-vojenske-vybavenie\/\">Ukrajina dostala od Spojen\u00e9ho kr\u00e1\u013eovstva viac ako 860 mili\u00f3nov EUR na vojensk\u00e9 vybavenie<\/a>\n                                    <\/h2>\n                                    <div class=\"jeg_post_meta\"><div class=\"jeg_meta_date\"><a href=\"https:\/\/ruwar.org\/sk\/2025-04-ukrajina-dostala-od-spojeneho-kralovstva-viac-ako-860-milionov-eur-na-vojenske-vybavenie\/\" ><i class=\"fa fa-clock-o\"><\/i> 14 apr\u00edla, 2025<\/a><\/div><\/div>\n                                <\/div>\n                            <\/div>\n                        <\/div>\n                    <\/article><article class=\"jeg_post jeg_hero_item_2 format-standard\" style=\"padding: 0 0 10px 10px;\">\n                        <div class=\"jeg_block_container\">\n                            \n                            <span class=\"jeg_postformat_icon\"><\/span>\n                            <div class=\"jeg_thumb\">\n                                <a href=\"https:\/\/ruwar.org\/sk\/2025-04-policia-a-bezpecnostna-sluzba-ukrajiny-identifikovali-tinedzerov-pocuvajucich-rusku-hymnu-v-kyjeve\/\" ><div class=\"thumbnail-container thumbnail-background\" data-src=\"https:\/\/ruwar.org\/sk\/media\/2025\/04\/Policia-a-bezpecnostna-sluzba-Ukrajiny-identifikovali-tinedzerov-pocuvajucich-rusku-hymnu.jpg\" >\n                        <div class=\"lazyloaded\" data-src=\"https:\/\/ruwar.org\/sk\/media\/2025\/04\/Policia-a-bezpecnostna-sluzba-Ukrajiny-identifikovali-tinedzerov-pocuvajucich-rusku-hymnu.jpg\" style=\"background-image: url(https:\/\/ruwar.org\/sk\/media\/2025\/04\/Policia-a-bezpecnostna-sluzba-Ukrajiny-identifikovali-tinedzerov-pocuvajucich-rusku-hymnu.jpg)\"><\/div>\n                    <\/div><\/a>\n                            <\/div>\n                            <div class=\"jeg_postblock_content\">\n                                <div class=\"jeg_post_category\">\n                                    <a href=\"https:\/\/ruwar.org\/sk\/vojna-v-ukrajine\/\" class=\"category-vojna-v-ukrajine\">Vojna v Ukrajine<\/a>\n                                <\/div>\n                                <div class=\"jeg_post_info\">\n                                    <h2 class=\"jeg_post_title\">\n                                        <a href=\"https:\/\/ruwar.org\/sk\/2025-04-policia-a-bezpecnostna-sluzba-ukrajiny-identifikovali-tinedzerov-pocuvajucich-rusku-hymnu-v-kyjeve\/\">Pol\u00edcia a bezpe\u010dnostn\u00e1 slu\u017eba Ukrajiny identifikovali t\u00edned\u017eerov po\u010d\u00favaj\u00facich rusk\u00fa hymnu v Kyjeve<\/a>\n                                    <\/h2>\n                                    <div class=\"jeg_post_meta\"><div class=\"jeg_meta_date\"><a href=\"https:\/\/ruwar.org\/sk\/2025-04-policia-a-bezpecnostna-sluzba-ukrajiny-identifikovali-tinedzerov-pocuvajucich-rusku-hymnu-v-kyjeve\/\" ><i class=\"fa fa-clock-o\"><\/i> 14 apr\u00edla, 2025<\/a><\/div><\/div>\n                                <\/div>\n                            <\/div>\n                        <\/div>\n                    <\/article><article class=\"jeg_post jeg_hero_item_3 format-standard\" style=\"padding: 0 0 10px 10px;\">\n                        <div class=\"jeg_block_container\">\n                            \n                            <span class=\"jeg_postformat_icon\"><\/span>\n                            <div class=\"jeg_thumb\">\n                                <a href=\"https:\/\/ruwar.org\/sk\/2025-04-spravodajske-sluzby-potvrdili-systematicke-pouzivanie-chemickych-zbrani-rusmi-proti-obrannym-silam\/\" ><div class=\"thumbnail-container thumbnail-background\" data-src=\"https:\/\/ruwar.org\/sk\/media\/2025\/04\/Spravodajske-sluzby-potvrdili-systematicke-pouzivanie-chemickych-zbrani-Rusmi-proti-obrannym.jpg\" >\n                        <div class=\"lazyloaded\" data-src=\"https:\/\/ruwar.org\/sk\/media\/2025\/04\/Spravodajske-sluzby-potvrdili-systematicke-pouzivanie-chemickych-zbrani-Rusmi-proti-obrannym.jpg\" style=\"background-image: url(https:\/\/ruwar.org\/sk\/media\/2025\/04\/Spravodajske-sluzby-potvrdili-systematicke-pouzivanie-chemickych-zbrani-Rusmi-proti-obrannym.jpg)\"><\/div>\n                    <\/div><\/a>\n                            <\/div>\n                            <div class=\"jeg_postblock_content\">\n                                <div class=\"jeg_post_category\">\n                                    <a href=\"https:\/\/ruwar.org\/sk\/vojna-v-ukrajine\/\" class=\"category-vojna-v-ukrajine\">Vojna v Ukrajine<\/a>\n                                <\/div>\n                                <div class=\"jeg_post_info\">\n                                    <h2 class=\"jeg_post_title\">\n                                        <a href=\"https:\/\/ruwar.org\/sk\/2025-04-spravodajske-sluzby-potvrdili-systematicke-pouzivanie-chemickych-zbrani-rusmi-proti-obrannym-silam\/\">Spravodajsk\u00e9 slu\u017eby potvrdili systematick\u00e9 pou\u017e\u00edvanie chemick\u00fdch zbran\u00ed Rusmi proti obrann\u00fdm sil\u00e1m<\/a>\n                                    <\/h2>\n                                    <div class=\"jeg_post_meta\"><div class=\"jeg_meta_date\"><a href=\"https:\/\/ruwar.org\/sk\/2025-04-spravodajske-sluzby-potvrdili-systematicke-pouzivanie-chemickych-zbrani-rusmi-proti-obrannym-silam\/\" ><i class=\"fa fa-clock-o\"><\/i> 14 apr\u00edla, 2025<\/a><\/div><\/div>\n                                <\/div>\n                            <\/div>\n                        <\/div>\n                    <\/article><article class=\"jeg_post jeg_hero_item_4 format-standard\" style=\"padding: 0 0 10px 10px;\">\n                        <div class=\"jeg_block_container\">\n                            \n                            <span class=\"jeg_postformat_icon\"><\/span>\n                            <div class=\"jeg_thumb\">\n                                <a href=\"https:\/\/ruwar.org\/sk\/2025-04-sef-sumskej-regionalnej-vojenskej-spravy-ocenil-ocenenie-armady-v-den-utoku-na-mesto\/\" ><div class=\"thumbnail-container thumbnail-background\" data-src=\"https:\/\/ruwar.org\/sk\/media\/2025\/04\/Sef-Sumskej-regionalnej-vojenskej-spravy-ocenil-ocenenie-armady-v-den.jpg\" >\n                        <div class=\"lazyloaded\" data-src=\"https:\/\/ruwar.org\/sk\/media\/2025\/04\/Sef-Sumskej-regionalnej-vojenskej-spravy-ocenil-ocenenie-armady-v-den.jpg\" style=\"background-image: url(https:\/\/ruwar.org\/sk\/media\/2025\/04\/Sef-Sumskej-regionalnej-vojenskej-spravy-ocenil-ocenenie-armady-v-den.jpg)\"><\/div>\n                    <\/div><\/a>\n                            <\/div>\n                            <div class=\"jeg_postblock_content\">\n                                <div class=\"jeg_post_category\">\n                                    <a href=\"https:\/\/ruwar.org\/sk\/vojna-v-ukrajine\/\" class=\"category-vojna-v-ukrajine\">Vojna v Ukrajine<\/a>\n                                <\/div>\n                                <div class=\"jeg_post_info\">\n                                    <h2 class=\"jeg_post_title\">\n                                        <a href=\"https:\/\/ruwar.org\/sk\/2025-04-sef-sumskej-regionalnej-vojenskej-spravy-ocenil-ocenenie-armady-v-den-utoku-na-mesto\/\">\u0160\u00e9f Sumskej region\u00e1lnej vojenskej spr\u00e1vy ocenil ocenenie arm\u00e1dy v de\u0148 \u00fatoku na mesto<\/a>\n                                    <\/h2>\n                                    <div class=\"jeg_post_meta\"><div class=\"jeg_meta_date\"><a href=\"https:\/\/ruwar.org\/sk\/2025-04-sef-sumskej-regionalnej-vojenskej-spravy-ocenil-ocenenie-armady-v-den-utoku-na-mesto\/\" ><i class=\"fa fa-clock-o\"><\/i> 14 apr\u00edla, 2025<\/a><\/div><\/div>\n                                <\/div>\n                            <\/div>\n                        <\/div>\n                    <\/article>\n\t            <\/div><\/div>\n            <\/div>\n            [\/vc_column][\/vc_row]<\/p>\n<\/div>","protected":false},"excerpt":{"rendered":"<p>[vc_row][vc_column][\/vc_column][\/vc_row]<\/p>\n","protected":false},"author":1,"featured_media":0,"parent":0,"menu_order":0,"comment_status":"closed","ping_status":"closed","template":"template-builder.php","meta":{"footnotes":""},"class_list":["post-2","page","type-page","status-publish","hentry"],"_links":{"self":[{"href":"https:\/\/ruwar.org\/sk\/wp-json\/wp\/v2\/pages\/2","targetHints":{"allow":["GET"]}}],"collection":[{"href":"https:\/\/ruwar.org\/sk\/wp-json\/wp\/v2\/pages"}],"about":[{"href":"https:\/\/ruwar.org\/sk\/wp-json\/wp\/v2\/types\/page"}],"author":[{"embeddable":true,"href":"https:\/\/ruwar.org\/sk\/wp-json\/wp\/v2\/users\/1"}],"replies":[{"embeddable":true,"href":"https:\/\/ruwar.org\/sk\/wp-json\/wp\/v2\/comments?post=2"}],"version-history":[{"count":0,"href":"https:\/\/ruwar.org\/sk\/wp-json\/wp\/v2\/pages\/2\/revisions"}],"wp:attachment":[{"href":"https:\/\/ruwar.org\/sk\/wp-json\/wp\/v2\/media?parent=2"}],"curies":[{"name":"wp","href":"https:\/\/api.w.org\/{rel}","templated":true}]}}