{"id":2,"date":"2022-08-18T22:40:03","date_gmt":"2022-08-18T20:40:03","guid":{"rendered":"http:\/\/razvedka.info\/rs\/?page_id=2"},"modified":"2022-08-26T10:55:21","modified_gmt":"2022-08-26T08:55:21","slug":"index","status":"publish","type":"page","link":"https:\/\/ruwar.org\/rs\/","title":{"rendered":"\u0420\u0430\u0442 \u0443 \u0423\u043a\u0440\u0430\u0458\u0438\u043d\u0438"},"content":{"rendered":"<div class=\"wpb-content-wrapper\"><p>[vc_row][vc_column]<div  class=\"jeg_heroblock jeg_heroblock_7 jeg_col_2o3 jeg_hero_style_5 jnews_module__0_6a05abf54bb6a  \" data-margin=\"10\" >\n                <div class=\"jeg_hero_wrapper\"><div class=\"jeg_heroblock_wrapper\" style='margin: 0px 0px -10px -10px;'>\n\t                <article class=\"jeg_post jeg_hero_item_1 format-standard\" style=\"padding: 0 0 10px 10px;\">\n                        <div class=\"jeg_block_container\">\n                            \n                            <span class=\"jeg_postformat_icon\"><\/span>\n                            <div class=\"jeg_thumb\">\n                                <a href=\"https:\/\/ruwar.org\/rs\/2025-04-ukrajina-je-dobila-vise-od-ksnumks-miliona-evra-od-velike-britanije-za-vojnu-opremu\/\" ><div class=\"thumbnail-container thumbnail-background\" data-src=\"https:\/\/ruwar.org\/rs\/media\/2025\/04\/Ukrajina-je-dobila-vise-od-KSNUMKS-miliona-evra-od-Velike.jpg\" >\n                        <div class=\"lazyloaded\" data-src=\"https:\/\/ruwar.org\/rs\/media\/2025\/04\/Ukrajina-je-dobila-vise-od-KSNUMKS-miliona-evra-od-Velike.jpg\" style=\"background-image: url(https:\/\/ruwar.org\/rs\/media\/2025\/04\/Ukrajina-je-dobila-vise-od-KSNUMKS-miliona-evra-od-Velike.jpg)\"><\/div>\n                    <\/div><\/a>\n                            <\/div>\n                            <div class=\"jeg_postblock_content\">\n                                <div class=\"jeg_post_category\">\n                                    <a href=\"https:\/\/ruwar.org\/rs\/rat\/\" class=\"category-rat\">Rat u Ukrajini<\/a>\n                                <\/div>\n                                <div class=\"jeg_post_info\">\n                                    <h2 class=\"jeg_post_title\">\n                                        <a href=\"https:\/\/ruwar.org\/rs\/2025-04-ukrajina-je-dobila-vise-od-ksnumks-miliona-evra-od-velike-britanije-za-vojnu-opremu\/\">Ukrajina je dobila vi\u0161e od KSNUMKS miliona evra od Velike Britanije za vojnu opremu<\/a>\n                                    <\/h2>\n                                    <div class=\"jeg_post_meta\"><div class=\"jeg_meta_date\"><a href=\"https:\/\/ruwar.org\/rs\/2025-04-ukrajina-je-dobila-vise-od-ksnumks-miliona-evra-od-velike-britanije-za-vojnu-opremu\/\" ><i class=\"fa fa-clock-o\"><\/i> 14.04.2025<\/a><\/div><\/div>\n                                <\/div>\n                            <\/div>\n                        <\/div>\n                    <\/article><article class=\"jeg_post jeg_hero_item_2 format-standard\" style=\"padding: 0 0 10px 10px;\">\n                        <div class=\"jeg_block_container\">\n                            \n                            <span class=\"jeg_postformat_icon\"><\/span>\n                            <div class=\"jeg_thumb\">\n                                <a href=\"https:\/\/ruwar.org\/rs\/2025-04-policija-i-bezbednosna-sluzba-ukrajine-identifikovali-tinejdzere-koji-slusaju-rusku-himnu-u-kijevu\/\" ><div class=\"thumbnail-container thumbnail-background\" data-src=\"https:\/\/ruwar.org\/rs\/media\/2025\/04\/Policija-i-bezbednosna-sluzba-Ukrajine-identifikovali-tinejdzere-koji-slusaju-rusku.jpg\" >\n                        <div class=\"lazyloaded\" data-src=\"https:\/\/ruwar.org\/rs\/media\/2025\/04\/Policija-i-bezbednosna-sluzba-Ukrajine-identifikovali-tinejdzere-koji-slusaju-rusku.jpg\" style=\"background-image: url(https:\/\/ruwar.org\/rs\/media\/2025\/04\/Policija-i-bezbednosna-sluzba-Ukrajine-identifikovali-tinejdzere-koji-slusaju-rusku.jpg)\"><\/div>\n                    <\/div><\/a>\n                            <\/div>\n                            <div class=\"jeg_postblock_content\">\n                                <div class=\"jeg_post_category\">\n                                    <a href=\"https:\/\/ruwar.org\/rs\/rat\/\" class=\"category-rat\">Rat u Ukrajini<\/a>\n                                <\/div>\n                                <div class=\"jeg_post_info\">\n                                    <h2 class=\"jeg_post_title\">\n                                        <a href=\"https:\/\/ruwar.org\/rs\/2025-04-policija-i-bezbednosna-sluzba-ukrajine-identifikovali-tinejdzere-koji-slusaju-rusku-himnu-u-kijevu\/\">Policija i bezbednosna slu\u017eba Ukrajine identifikovali tinejd\u017eere koji slu\u0161aju rusku himnu u Kijevu<\/a>\n                                    <\/h2>\n                                    <div class=\"jeg_post_meta\"><div class=\"jeg_meta_date\"><a href=\"https:\/\/ruwar.org\/rs\/2025-04-policija-i-bezbednosna-sluzba-ukrajine-identifikovali-tinejdzere-koji-slusaju-rusku-himnu-u-kijevu\/\" ><i class=\"fa fa-clock-o\"><\/i> 14.04.2025<\/a><\/div><\/div>\n                                <\/div>\n                            <\/div>\n                        <\/div>\n                    <\/article><article class=\"jeg_post jeg_hero_item_3 format-standard\" style=\"padding: 0 0 10px 10px;\">\n                        <div class=\"jeg_block_container\">\n                            \n                            <span class=\"jeg_postformat_icon\"><\/span>\n                            <div class=\"jeg_thumb\">\n                                <a href=\"https:\/\/ruwar.org\/rs\/2025-04-obavestajna-sluzba-potvrdila-je-sistematsku-upotrebu-hemijskog-oruzja-od-strane-rusa-protiv-odbrambenih-snaga\/\" ><div class=\"thumbnail-container thumbnail-background\" data-src=\"https:\/\/ruwar.org\/rs\/media\/2025\/04\/Obavestajna-sluzba-potvrdila-je-sistematsku-upotrebu-hemijskog-oruzja-od-strane.jpg\" >\n                        <div class=\"lazyloaded\" data-src=\"https:\/\/ruwar.org\/rs\/media\/2025\/04\/Obavestajna-sluzba-potvrdila-je-sistematsku-upotrebu-hemijskog-oruzja-od-strane.jpg\" style=\"background-image: url(https:\/\/ruwar.org\/rs\/media\/2025\/04\/Obavestajna-sluzba-potvrdila-je-sistematsku-upotrebu-hemijskog-oruzja-od-strane.jpg)\"><\/div>\n                    <\/div><\/a>\n                            <\/div>\n                            <div class=\"jeg_postblock_content\">\n                                <div class=\"jeg_post_category\">\n                                    <a href=\"https:\/\/ruwar.org\/rs\/rat\/\" class=\"category-rat\">Rat u Ukrajini<\/a>\n                                <\/div>\n                                <div class=\"jeg_post_info\">\n                                    <h2 class=\"jeg_post_title\">\n                                        <a href=\"https:\/\/ruwar.org\/rs\/2025-04-obavestajna-sluzba-potvrdila-je-sistematsku-upotrebu-hemijskog-oruzja-od-strane-rusa-protiv-odbrambenih-snaga\/\">Obave\u0161tajna slu\u017eba potvrdila je sistematsku upotrebu hemijskog oru\u017eja od strane Rusa protiv odbrambenih snaga<\/a>\n                                    <\/h2>\n                                    <div class=\"jeg_post_meta\"><div class=\"jeg_meta_date\"><a href=\"https:\/\/ruwar.org\/rs\/2025-04-obavestajna-sluzba-potvrdila-je-sistematsku-upotrebu-hemijskog-oruzja-od-strane-rusa-protiv-odbrambenih-snaga\/\" ><i class=\"fa fa-clock-o\"><\/i> 14.04.2025<\/a><\/div><\/div>\n                                <\/div>\n                            <\/div>\n                        <\/div>\n                    <\/article><article class=\"jeg_post jeg_hero_item_4 format-standard\" style=\"padding: 0 0 10px 10px;\">\n                        <div class=\"jeg_block_container\">\n                            \n                            <span class=\"jeg_postformat_icon\"><\/span>\n                            <div class=\"jeg_thumb\">\n                                <a href=\"https:\/\/ruwar.org\/rs\/2025-04-sef-sumske-regionalne-vojne-uprave-priznao-je-dodelu-vojske-na-dan-napada-na-grad\/\" ><div class=\"thumbnail-container thumbnail-background\" data-src=\"https:\/\/ruwar.org\/rs\/media\/2025\/04\/Sef-Sumske-regionalne-vojne-uprave-priznao-je-dodelu-vojske-na.jpg\" >\n                        <div class=\"lazyloaded\" data-src=\"https:\/\/ruwar.org\/rs\/media\/2025\/04\/Sef-Sumske-regionalne-vojne-uprave-priznao-je-dodelu-vojske-na.jpg\" style=\"background-image: url(https:\/\/ruwar.org\/rs\/media\/2025\/04\/Sef-Sumske-regionalne-vojne-uprave-priznao-je-dodelu-vojske-na.jpg)\"><\/div>\n                    <\/div><\/a>\n                            <\/div>\n                            <div class=\"jeg_postblock_content\">\n                                <div class=\"jeg_post_category\">\n                                    <a href=\"https:\/\/ruwar.org\/rs\/rat\/\" class=\"category-rat\">Rat u Ukrajini<\/a>\n                                <\/div>\n                                <div class=\"jeg_post_info\">\n                                    <h2 class=\"jeg_post_title\">\n                                        <a href=\"https:\/\/ruwar.org\/rs\/2025-04-sef-sumske-regionalne-vojne-uprave-priznao-je-dodelu-vojske-na-dan-napada-na-grad\/\">\u0160ef Sumske regionalne vojne uprave priznao je dodelu vojske na dan napada na grad<\/a>\n                                    <\/h2>\n                                    <div class=\"jeg_post_meta\"><div class=\"jeg_meta_date\"><a href=\"https:\/\/ruwar.org\/rs\/2025-04-sef-sumske-regionalne-vojne-uprave-priznao-je-dodelu-vojske-na-dan-napada-na-grad\/\" ><i class=\"fa fa-clock-o\"><\/i> 14.04.2025<\/a><\/div><\/div>\n                                <\/div>\n                            <\/div>\n                        <\/div>\n                    <\/article>\n\t            <\/div><\/div>\n            <\/div>\n            [\/vc_column][\/vc_row]<\/p>\n<\/div>","protected":false},"excerpt":{"rendered":"<p>[vc_row][vc_column][\/vc_column][\/vc_row]<\/p>\n","protected":false},"author":1,"featured_media":0,"parent":0,"menu_order":0,"comment_status":"closed","ping_status":"closed","template":"template-builder.php","meta":{"footnotes":""},"class_list":["post-2","page","type-page","status-publish","hentry"],"_links":{"self":[{"href":"https:\/\/ruwar.org\/rs\/wp-json\/wp\/v2\/pages\/2","targetHints":{"allow":["GET"]}}],"collection":[{"href":"https:\/\/ruwar.org\/rs\/wp-json\/wp\/v2\/pages"}],"about":[{"href":"https:\/\/ruwar.org\/rs\/wp-json\/wp\/v2\/types\/page"}],"author":[{"embeddable":true,"href":"https:\/\/ruwar.org\/rs\/wp-json\/wp\/v2\/users\/1"}],"replies":[{"embeddable":true,"href":"https:\/\/ruwar.org\/rs\/wp-json\/wp\/v2\/comments?post=2"}],"version-history":[{"count":0,"href":"https:\/\/ruwar.org\/rs\/wp-json\/wp\/v2\/pages\/2\/revisions"}],"wp:attachment":[{"href":"https:\/\/ruwar.org\/rs\/wp-json\/wp\/v2\/media?parent=2"}],"curies":[{"name":"wp","href":"https:\/\/api.w.org\/{rel}","templated":true}]}}