{"id":2,"date":"2022-08-04T14:54:26","date_gmt":"2022-08-04T14:54:26","guid":{"rendered":"http:\/\/razvedka.info\/pl\/?page_id=2"},"modified":"2022-08-06T18:00:03","modified_gmt":"2022-08-06T16:00:03","slug":"index","status":"publish","type":"page","link":"https:\/\/ruwar.org\/pl\/","title":{"rendered":"Wojna w Ukrainie"},"content":{"rendered":"<div class=\"wpb-content-wrapper\"><p>[vc_row][vc_column]<div  class=\"jeg_heroblock jeg_heroblock_7 jeg_col_2o3 jeg_hero_style_5 jnews_module__0_69e2578544c03  \" data-margin=\"10\" >\n                <div class=\"jeg_hero_wrapper\"><div class=\"jeg_heroblock_wrapper\" style='margin: 0px 0px -10px -10px;'>\n\t                <article class=\"jeg_post jeg_hero_item_1 format-standard\" style=\"padding: 0 0 10px 10px;\">\n                        <div class=\"jeg_block_container\">\n                            \n                            <span class=\"jeg_postformat_icon\"><\/span>\n                            <div class=\"jeg_thumb\">\n                                <a href=\"https:\/\/ruwar.org\/pl\/2025-04-ukraina-otrzymala-od-wielkiej-brytanii-ponad-860-mln-euro-na-sprzet-wojskowy\/\" ><div class=\"thumbnail-container thumbnail-background\" data-src=\"https:\/\/ruwar.org\/pl\/media\/2025\/04\/Ukraina-otrzymala-od-Wielkiej-Brytanii-ponad-860-mln-euro-na.jpg\" >\n                        <div class=\"lazyloaded\" data-src=\"https:\/\/ruwar.org\/pl\/media\/2025\/04\/Ukraina-otrzymala-od-Wielkiej-Brytanii-ponad-860-mln-euro-na.jpg\" style=\"background-image: url(https:\/\/ruwar.org\/pl\/media\/2025\/04\/Ukraina-otrzymala-od-Wielkiej-Brytanii-ponad-860-mln-euro-na.jpg)\"><\/div>\n                    <\/div><\/a>\n                            <\/div>\n                            <div class=\"jeg_postblock_content\">\n                                <div class=\"jeg_post_category\">\n                                    <a href=\"https:\/\/ruwar.org\/pl\/wojna\/\" class=\"category-wojna\">Wojna w Ukrainie<\/a>\n                                <\/div>\n                                <div class=\"jeg_post_info\">\n                                    <h2 class=\"jeg_post_title\">\n                                        <a href=\"https:\/\/ruwar.org\/pl\/2025-04-ukraina-otrzymala-od-wielkiej-brytanii-ponad-860-mln-euro-na-sprzet-wojskowy\/\">Ukraina otrzyma\u0142a od Wielkiej Brytanii ponad 860 mln euro na sprz\u0119t wojskowy<\/a>\n                                    <\/h2>\n                                    <div class=\"jeg_post_meta\"><div class=\"jeg_meta_date\"><a href=\"https:\/\/ruwar.org\/pl\/2025-04-ukraina-otrzymala-od-wielkiej-brytanii-ponad-860-mln-euro-na-sprzet-wojskowy\/\" ><i class=\"fa fa-clock-o\"><\/i> 14 kwietnia, 2025<\/a><\/div><\/div>\n                                <\/div>\n                            <\/div>\n                        <\/div>\n                    <\/article><article class=\"jeg_post jeg_hero_item_2 format-standard\" style=\"padding: 0 0 10px 10px;\">\n                        <div class=\"jeg_block_container\">\n                            \n                            <span class=\"jeg_postformat_icon\"><\/span>\n                            <div class=\"jeg_thumb\">\n                                <a href=\"https:\/\/ruwar.org\/pl\/2025-04-policja-i-sluzba-bezpieczenstwa-ukrainy-zidentyfikowaly-nastolatkow-sluchajacych-rosyjskiego-hymnu-w-kijowie\/\" ><div class=\"thumbnail-container thumbnail-background\" data-src=\"https:\/\/ruwar.org\/pl\/media\/2025\/04\/Policja-i-Sluzba-Bezpieczenstwa-Ukrainy-zidentyfikowaly-nastolatkow-sluchajacych-rosyjskiego-hymnu.jpg\" >\n                        <div class=\"lazyloaded\" data-src=\"https:\/\/ruwar.org\/pl\/media\/2025\/04\/Policja-i-Sluzba-Bezpieczenstwa-Ukrainy-zidentyfikowaly-nastolatkow-sluchajacych-rosyjskiego-hymnu.jpg\" style=\"background-image: url(https:\/\/ruwar.org\/pl\/media\/2025\/04\/Policja-i-Sluzba-Bezpieczenstwa-Ukrainy-zidentyfikowaly-nastolatkow-sluchajacych-rosyjskiego-hymnu.jpg)\"><\/div>\n                    <\/div><\/a>\n                            <\/div>\n                            <div class=\"jeg_postblock_content\">\n                                <div class=\"jeg_post_category\">\n                                    <a href=\"https:\/\/ruwar.org\/pl\/wojna\/\" class=\"category-wojna\">Wojna w Ukrainie<\/a>\n                                <\/div>\n                                <div class=\"jeg_post_info\">\n                                    <h2 class=\"jeg_post_title\">\n                                        <a href=\"https:\/\/ruwar.org\/pl\/2025-04-policja-i-sluzba-bezpieczenstwa-ukrainy-zidentyfikowaly-nastolatkow-sluchajacych-rosyjskiego-hymnu-w-kijowie\/\">Policja i S\u0142u\u017cba Bezpiecze\u0144stwa Ukrainy zidentyfikowa\u0142y nastolatk\u00f3w s\u0142uchaj\u0105cych rosyjskiego hymnu w Kijowie<\/a>\n                                    <\/h2>\n                                    <div class=\"jeg_post_meta\"><div class=\"jeg_meta_date\"><a href=\"https:\/\/ruwar.org\/pl\/2025-04-policja-i-sluzba-bezpieczenstwa-ukrainy-zidentyfikowaly-nastolatkow-sluchajacych-rosyjskiego-hymnu-w-kijowie\/\" ><i class=\"fa fa-clock-o\"><\/i> 14 kwietnia, 2025<\/a><\/div><\/div>\n                                <\/div>\n                            <\/div>\n                        <\/div>\n                    <\/article><article class=\"jeg_post jeg_hero_item_3 format-standard\" style=\"padding: 0 0 10px 10px;\">\n                        <div class=\"jeg_block_container\">\n                            \n                            <span class=\"jeg_postformat_icon\"><\/span>\n                            <div class=\"jeg_thumb\">\n                                <a href=\"https:\/\/ruwar.org\/pl\/2025-04-wywiad-potwierdzil-systematyczne-stosowanie-przez-rosjan-broni-chemicznej-przeciwko-silom-obronnym\/\" ><div class=\"thumbnail-container thumbnail-background\" data-src=\"https:\/\/ruwar.org\/pl\/media\/2025\/04\/Wywiad-potwierdzil-systematyczne-stosowanie-przez-Rosjan-broni-chemicznej-przeciwko-Silom.jpg\" >\n                        <div class=\"lazyloaded\" data-src=\"https:\/\/ruwar.org\/pl\/media\/2025\/04\/Wywiad-potwierdzil-systematyczne-stosowanie-przez-Rosjan-broni-chemicznej-przeciwko-Silom.jpg\" style=\"background-image: url(https:\/\/ruwar.org\/pl\/media\/2025\/04\/Wywiad-potwierdzil-systematyczne-stosowanie-przez-Rosjan-broni-chemicznej-przeciwko-Silom.jpg)\"><\/div>\n                    <\/div><\/a>\n                            <\/div>\n                            <div class=\"jeg_postblock_content\">\n                                <div class=\"jeg_post_category\">\n                                    <a href=\"https:\/\/ruwar.org\/pl\/wojna\/\" class=\"category-wojna\">Wojna w Ukrainie<\/a>\n                                <\/div>\n                                <div class=\"jeg_post_info\">\n                                    <h2 class=\"jeg_post_title\">\n                                        <a href=\"https:\/\/ruwar.org\/pl\/2025-04-wywiad-potwierdzil-systematyczne-stosowanie-przez-rosjan-broni-chemicznej-przeciwko-silom-obronnym\/\">Wywiad potwierdzi\u0142 systematyczne stosowanie przez Rosjan broni chemicznej przeciwko Si\u0142om Obronnym<\/a>\n                                    <\/h2>\n                                    <div class=\"jeg_post_meta\"><div class=\"jeg_meta_date\"><a href=\"https:\/\/ruwar.org\/pl\/2025-04-wywiad-potwierdzil-systematyczne-stosowanie-przez-rosjan-broni-chemicznej-przeciwko-silom-obronnym\/\" ><i class=\"fa fa-clock-o\"><\/i> 14 kwietnia, 2025<\/a><\/div><\/div>\n                                <\/div>\n                            <\/div>\n                        <\/div>\n                    <\/article><article class=\"jeg_post jeg_hero_item_4 format-standard\" style=\"padding: 0 0 10px 10px;\">\n                        <div class=\"jeg_block_container\">\n                            \n                            <span class=\"jeg_postformat_icon\"><\/span>\n                            <div class=\"jeg_thumb\">\n                                <a href=\"https:\/\/ruwar.org\/pl\/2025-04-szef-sumskiej-obwodowej-administracji-wojskowej-uznal-odznaczenie-wojskowe-w-dniu-ataku-na-miasto\/\" ><div class=\"thumbnail-container thumbnail-background\" data-src=\"https:\/\/ruwar.org\/pl\/media\/2025\/04\/Szef-sumskiej-obwodowej-administracji-wojskowej-uznal-odznaczenie-wojskowe-w-dniu.jpg\" >\n                        <div class=\"lazyloaded\" data-src=\"https:\/\/ruwar.org\/pl\/media\/2025\/04\/Szef-sumskiej-obwodowej-administracji-wojskowej-uznal-odznaczenie-wojskowe-w-dniu.jpg\" style=\"background-image: url(https:\/\/ruwar.org\/pl\/media\/2025\/04\/Szef-sumskiej-obwodowej-administracji-wojskowej-uznal-odznaczenie-wojskowe-w-dniu.jpg)\"><\/div>\n                    <\/div><\/a>\n                            <\/div>\n                            <div class=\"jeg_postblock_content\">\n                                <div class=\"jeg_post_category\">\n                                    <a href=\"https:\/\/ruwar.org\/pl\/wojna\/\" class=\"category-wojna\">Wojna w Ukrainie<\/a>\n                                <\/div>\n                                <div class=\"jeg_post_info\">\n                                    <h2 class=\"jeg_post_title\">\n                                        <a href=\"https:\/\/ruwar.org\/pl\/2025-04-szef-sumskiej-obwodowej-administracji-wojskowej-uznal-odznaczenie-wojskowe-w-dniu-ataku-na-miasto\/\">Szef sumskiej obwodowej administracji wojskowej uzna\u0142 odznaczenie wojskowe w dniu ataku na miasto<\/a>\n                                    <\/h2>\n                                    <div class=\"jeg_post_meta\"><div class=\"jeg_meta_date\"><a href=\"https:\/\/ruwar.org\/pl\/2025-04-szef-sumskiej-obwodowej-administracji-wojskowej-uznal-odznaczenie-wojskowe-w-dniu-ataku-na-miasto\/\" ><i class=\"fa fa-clock-o\"><\/i> 14 kwietnia, 2025<\/a><\/div><\/div>\n                                <\/div>\n                            <\/div>\n                        <\/div>\n                    <\/article>\n\t            <\/div><\/div>\n            <\/div>\n            [\/vc_column][\/vc_row]<\/p>\n<\/div>","protected":false},"excerpt":{"rendered":"<p>[vc_row][vc_column][\/vc_column][\/vc_row]<\/p>\n","protected":false},"author":1,"featured_media":0,"parent":0,"menu_order":0,"comment_status":"closed","ping_status":"open","template":"template-builder.php","meta":{"footnotes":""},"class_list":["post-2","page","type-page","status-publish","hentry"],"_links":{"self":[{"href":"https:\/\/ruwar.org\/pl\/wp-json\/wp\/v2\/pages\/2","targetHints":{"allow":["GET"]}}],"collection":[{"href":"https:\/\/ruwar.org\/pl\/wp-json\/wp\/v2\/pages"}],"about":[{"href":"https:\/\/ruwar.org\/pl\/wp-json\/wp\/v2\/types\/page"}],"author":[{"embeddable":true,"href":"https:\/\/ruwar.org\/pl\/wp-json\/wp\/v2\/users\/1"}],"replies":[{"embeddable":true,"href":"https:\/\/ruwar.org\/pl\/wp-json\/wp\/v2\/comments?post=2"}],"version-history":[{"count":0,"href":"https:\/\/ruwar.org\/pl\/wp-json\/wp\/v2\/pages\/2\/revisions"}],"wp:attachment":[{"href":"https:\/\/ruwar.org\/pl\/wp-json\/wp\/v2\/media?parent=2"}],"curies":[{"name":"wp","href":"https:\/\/api.w.org\/{rel}","templated":true}]}}